{"id":2307,"date":"2025-06-05T12:48:43","date_gmt":"2025-06-05T12:48:43","guid":{"rendered":"https:\/\/gigi-gelato.com\/nos-glaces\/gigi-avocat-concombre-aneth\/"},"modified":"2025-06-13T08:49:20","modified_gmt":"2025-06-13T08:49:20","slug":"gigi-avocat-concombre-aneth","status":"publish","type":"page","link":"https:\/\/gigi-gelato.com\/fr\/nos-glaces\/gigi-avocat-concombre-aneth\/","title":{"rendered":"Gigi: Avocat + Concombre + Aneth"},"content":{"rendered":"\t\t<div data-elementor-type=\"wp-page\" data-elementor-id=\"2307\" class=\"elementor elementor-2307 elementor-1804\">\n\t\t\t\t\t\t<section class=\"elementor-section elementor-top-section elementor-element elementor-element-7dcca694 elementor-section-full_width elementor-section-height-default elementor-section-height-default parallax_section_no qode_elementor_container_no\" data-id=\"7dcca694\" data-element_type=\"section\" data-settings=\"{&quot;background_background&quot;:&quot;classic&quot;}\">\n\t\t\t\t\t\t<div class=\"elementor-container elementor-column-gap-no\">\n\t\t\t\t\t<div class=\"elementor-column elementor-col-100 elementor-top-column elementor-element elementor-element-62aa7d69\" data-id=\"62aa7d69\" data-element_type=\"column\">\n\t\t\t<div class=\"elementor-widget-wrap elementor-element-populated\">\n\t\t\t\t\t\t\t<\/div>\n\t\t<\/div>\n\t\t\t\t\t<\/div>\n\t\t<\/section>\n\t\t\t\t<section class=\"elementor-section elementor-top-section elementor-element elementor-element-7558a4ba qode_elementor_container_inner elementor-section-content-middle elementor-section-boxed elementor-section-height-default elementor-section-height-default parallax_section_no\" data-id=\"7558a4ba\" data-element_type=\"section\">\n\t\t\t\t\t\t<div class=\"elementor-container elementor-column-gap-default\">\n\t\t\t\t\t<div class=\"elementor-column elementor-col-50 elementor-top-column elementor-element elementor-element-2b4c2b97\" data-id=\"2b4c2b97\" data-element_type=\"column\">\n\t\t\t<div class=\"elementor-widget-wrap elementor-element-populated\">\n\t\t\t\t\t\t<div class=\"elementor-element elementor-element-4da2715 elementor-widget elementor-widget-text-editor\" data-id=\"4da2715\" data-element_type=\"widget\" data-widget_type=\"text-editor.default\">\n\t\t\t\t<div class=\"elementor-widget-container\">\n\t\t\t\t\t\t\t\t\t<h2 class=\"eltdf-st-title\">Avocat + Concombre + Aneth<\/h2>\t\t\t\t\t\t\t\t<\/div>\n\t\t\t\t<\/div>\n\t\t\t\t<div class=\"elementor-element elementor-element-541316b elementor-widget elementor-widget-text-editor\" data-id=\"541316b\" data-element_type=\"widget\" data-widget_type=\"text-editor.default\">\n\t\t\t\t<div class=\"elementor-widget-container\">\n\t\t\t\t\t\t\t\t\t<p>D\u00e9couvrez notre d\u00e9licieux en-cas congel\u00e9 purement v\u00e9g\u00e9tal sur un b\u00e2tonnet. D\u00e9 Il regorge de saveurs de avocat, concombre et aneth. Appr\u00e9ciez le go\u00fbt des fruits et l\u00e9gumes purs et les avantages suivants:<\/p>\n<ul>\n<li>100% v\u00e9g\u00e9talien<\/li>\n<li>Cr\u00e9meux sans cr\u00e8me<\/li>\n<li>Faible teneur en mati\u00e8res grasses<\/li>\n<li>Riche en fibres<\/li>\n<li>Seulement 90 calories par popsicle (70gr)<\/li>\n<li>Sans gluten<\/li>\n<li>Sans lactose<\/li>\n<\/ul>\t\t\t\t\t\t\t\t<\/div>\n\t\t\t\t<\/div>\n\t\t\t\t\t<\/div>\n\t\t<\/div>\n\t\t\t\t<div class=\"elementor-column elementor-col-50 elementor-top-column elementor-element elementor-element-392cf3b2\" data-id=\"392cf3b2\" data-element_type=\"column\">\n\t\t\t<div class=\"elementor-widget-wrap elementor-element-populated\">\n\t\t\t\t\t\t<div class=\"elementor-element elementor-element-2f4b2ebc elementor-widget elementor-widget-image\" data-id=\"2f4b2ebc\" data-element_type=\"widget\" data-widget_type=\"image.default\">\n\t\t\t\t<div class=\"elementor-widget-container\">\n\t\t\t\t\t\t\t\t\t\t\t\t\t\t\t<img fetchpriority=\"high\" decoding=\"async\" width=\"457\" height=\"545\" src=\"https:\/\/gigi-gelato.com\/wp-content\/uploads\/2025\/06\/Body_Gigi_Fruitijs_Avocado-komkommer-dille_potje_500g_packshot-removebg-preview.png\" class=\"attachment-full size-full wp-image-1809\" alt=\"\" srcset=\"https:\/\/gigi-gelato.com\/wp-content\/uploads\/2025\/06\/Body_Gigi_Fruitijs_Avocado-komkommer-dille_potje_500g_packshot-removebg-preview.png 457w, https:\/\/gigi-gelato.com\/wp-content\/uploads\/2025\/06\/Body_Gigi_Fruitijs_Avocado-komkommer-dille_potje_500g_packshot-removebg-preview-252x300.png 252w\" sizes=\"(max-width: 457px) 100vw, 457px\" \/>\t\t\t\t\t\t\t\t\t\t\t\t\t\t\t<\/div>\n\t\t\t\t<\/div>\n\t\t\t\t\t<\/div>\n\t\t<\/div>\n\t\t\t\t\t<\/div>\n\t\t<\/section>\n\t\t\t\t<section class=\"elementor-section elementor-top-section elementor-element elementor-element-725c3ba4 qode_elementor_container_inner elementor-section-content-middle elementor-section-boxed elementor-section-height-default elementor-section-height-default parallax_section_no\" data-id=\"725c3ba4\" data-element_type=\"section\">\n\t\t\t\t\t\t<div class=\"elementor-container elementor-column-gap-default\">\n\t\t\t\t\t<div class=\"elementor-column elementor-col-100 elementor-top-column elementor-element elementor-element-38b401a2\" data-id=\"38b401a2\" data-element_type=\"column\">\n\t\t\t<div class=\"elementor-widget-wrap elementor-element-populated\">\n\t\t\t\t\t\t<div class=\"elementor-element elementor-element-e8e523a elementor-widget elementor-widget-n-accordion\" data-id=\"e8e523a\" data-element_type=\"widget\" data-settings=\"{&quot;default_state&quot;:&quot;expanded&quot;,&quot;max_items_expended&quot;:&quot;one&quot;,&quot;n_accordion_animation_duration&quot;:{&quot;unit&quot;:&quot;ms&quot;,&quot;size&quot;:400,&quot;sizes&quot;:[]}}\" data-widget_type=\"nested-accordion.default\">\n\t\t\t\t<div class=\"elementor-widget-container\">\n\t\t\t\t\t\t\t<div class=\"e-n-accordion\" aria-label=\"Accordion. Open links with Enter or Space, close with Escape, and navigate with Arrow Keys\">\n\t\t\t\t\t\t<details id=\"e-n-accordion-item-2440\" class=\"e-n-accordion-item\" open>\n\t\t\t\t<summary class=\"e-n-accordion-item-title\" data-accordion-index=\"1\" tabindex=\"0\" aria-expanded=\"true\" aria-controls=\"e-n-accordion-item-2440\" >\n\t\t\t\t\t<span class='e-n-accordion-item-title-header'><div class=\"e-n-accordion-item-title-text\"> Informations nutritionnelles <\/div><\/span>\n\t\t\t\t\t\t\t<span class='e-n-accordion-item-title-icon'>\n\t\t\t<span class='e-opened' ><svg aria-hidden=\"true\" class=\"e-font-icon-svg e-fas-minus\" viewBox=\"0 0 448 512\" xmlns=\"http:\/\/www.w3.org\/2000\/svg\"><path d=\"M416 208H32c-17.67 0-32 14.33-32 32v32c0 17.67 14.33 32 32 32h384c17.67 0 32-14.33 32-32v-32c0-17.67-14.33-32-32-32z\"><\/path><\/svg><\/span>\n\t\t\t<span class='e-closed'><svg aria-hidden=\"true\" class=\"e-font-icon-svg e-fas-plus\" viewBox=\"0 0 448 512\" xmlns=\"http:\/\/www.w3.org\/2000\/svg\"><path d=\"M416 208H272V64c0-17.67-14.33-32-32-32h-32c-17.67 0-32 14.33-32 32v144H32c-17.67 0-32 14.33-32 32v32c0 17.67 14.33 32 32 32h144v144c0 17.67 14.33 32 32 32h32c17.67 0 32-14.33 32-32V304h144c17.67 0 32-14.33 32-32v-32c0-17.67-14.33-32-32-32z\"><\/path><\/svg><\/span>\n\t\t<\/span>\n\n\t\t\t\t\t\t<\/summary>\n\t\t\t\t<div role=\"region\" aria-labelledby=\"e-n-accordion-item-2440\" class=\"elementor-element elementor-element-10c34f6 e-con-full e-flex parallax_section_no qode_elementor_container_no e-con e-child\" data-id=\"10c34f6\" data-element_type=\"container\">\n\t\t\t\t<div class=\"elementor-element elementor-element-3e65238 elementor-widget__width-initial elementor-widget elementor-widget-image\" data-id=\"3e65238\" data-element_type=\"widget\" data-widget_type=\"image.default\">\n\t\t\t\t<div class=\"elementor-widget-container\">\n\t\t\t\t\t\t\t\t\t\t\t\t\t\t\t<img decoding=\"async\" width=\"2000\" height=\"952\" src=\"https:\/\/gigi-gelato.com\/wp-content\/uploads\/2025\/06\/Avocado-FR-nutri-N.V.png\" class=\"attachment-full size-full wp-image-2832\" alt=\"\" srcset=\"https:\/\/gigi-gelato.com\/wp-content\/uploads\/2025\/06\/Avocado-FR-nutri-N.V.png 2000w, https:\/\/gigi-gelato.com\/wp-content\/uploads\/2025\/06\/Avocado-FR-nutri-N.V-300x143.png 300w, https:\/\/gigi-gelato.com\/wp-content\/uploads\/2025\/06\/Avocado-FR-nutri-N.V-1024x487.png 1024w, https:\/\/gigi-gelato.com\/wp-content\/uploads\/2025\/06\/Avocado-FR-nutri-N.V-768x366.png 768w, https:\/\/gigi-gelato.com\/wp-content\/uploads\/2025\/06\/Avocado-FR-nutri-N.V-1536x731.png 1536w, https:\/\/gigi-gelato.com\/wp-content\/uploads\/2025\/06\/Avocado-FR-nutri-N.V-700x333.png 700w\" sizes=\"(max-width: 2000px) 100vw, 2000px\" \/>\t\t\t\t\t\t\t\t\t\t\t\t\t\t\t<\/div>\n\t\t\t\t<\/div>\n\t\t\t\t<div class=\"elementor-element elementor-element-b0432da elementor-widget elementor-widget-text-editor\" data-id=\"b0432da\" data-element_type=\"widget\" data-widget_type=\"text-editor.default\">\n\t\t\t\t<div class=\"elementor-widget-container\">\n\t\t\t\t\t\t\t\t\t<p><span style=\"background-color: #ffffff;\">Conserver \u00e0 une temp\u00e9rature inf\u00e9rieure \u00e0 -18\u00b0C. Ne pas recongeler apr\u00e8s d\u00e9cong\u00e9lation.<\/span><\/p>\t\t\t\t\t\t\t\t<\/div>\n\t\t\t\t<\/div>\n\t\t\t\t<\/div>\n\t\t\t\t\t<\/details>\n\t\t\t\t\t\t<details id=\"e-n-accordion-item-2441\" class=\"e-n-accordion-item\" >\n\t\t\t\t<summary class=\"e-n-accordion-item-title\" data-accordion-index=\"2\" tabindex=\"-1\" aria-expanded=\"false\" aria-controls=\"e-n-accordion-item-2441\" >\n\t\t\t\t\t<span class='e-n-accordion-item-title-header'><div class=\"e-n-accordion-item-title-text\"> Ingr\u00e9dients <\/div><\/span>\n\t\t\t\t\t\t\t<span class='e-n-accordion-item-title-icon'>\n\t\t\t<span class='e-opened' ><svg aria-hidden=\"true\" class=\"e-font-icon-svg e-fas-minus\" viewBox=\"0 0 448 512\" xmlns=\"http:\/\/www.w3.org\/2000\/svg\"><path d=\"M416 208H32c-17.67 0-32 14.33-32 32v32c0 17.67 14.33 32 32 32h384c17.67 0 32-14.33 32-32v-32c0-17.67-14.33-32-32-32z\"><\/path><\/svg><\/span>\n\t\t\t<span class='e-closed'><svg aria-hidden=\"true\" class=\"e-font-icon-svg e-fas-plus\" viewBox=\"0 0 448 512\" xmlns=\"http:\/\/www.w3.org\/2000\/svg\"><path d=\"M416 208H272V64c0-17.67-14.33-32-32-32h-32c-17.67 0-32 14.33-32 32v144H32c-17.67 0-32 14.33-32 32v32c0 17.67 14.33 32 32 32h144v144c0 17.67 14.33 32 32 32h32c17.67 0 32-14.33 32-32V304h144c17.67 0 32-14.33 32-32v-32c0-17.67-14.33-32-32-32z\"><\/path><\/svg><\/span>\n\t\t<\/span>\n\n\t\t\t\t\t\t<\/summary>\n\t\t\t\t<div role=\"region\" aria-labelledby=\"e-n-accordion-item-2441\" class=\"elementor-element elementor-element-efa6bc2 e-con-full e-flex parallax_section_no qode_elementor_container_no e-con e-child\" data-id=\"efa6bc2\" data-element_type=\"container\">\n\t\t<div role=\"region\" aria-labelledby=\"e-n-accordion-item-2441\" class=\"elementor-element elementor-element-df8ef64 e-flex e-con-boxed parallax_section_no qode_elementor_container_no e-con e-child\" data-id=\"df8ef64\" data-element_type=\"container\">\n\t\t\t\t\t<div class=\"e-con-inner\">\n\t\t\t\t<div class=\"elementor-element elementor-element-5c447ab elementor-widget elementor-widget-text-editor\" data-id=\"5c447ab\" data-element_type=\"widget\" data-widget_type=\"text-editor.default\">\n\t\t\t\t<div class=\"elementor-widget-container\">\n\t\t\t\t\t\t\t\t\t<p>Jus de concombre (30%) (jus de concombre, jus de citron), pulpe d&rsquo;avocat (17%) (avocat (98,5%), sel, antioxydant : acide ascorbique, \u00e9paississant: gomme xanthane, acidifiant : acide citrique), eau, fibre de ma\u00efs, sirop de sucre inverti, sucre, lait de coco, tr\u00e9halose (source de glucose), jus de citron vert, \u00e9mulsifiant: mono-&amp; diglyc\u00e9ride, stabilisant: gomme de guar\/pectine\/fibre citrique, aneth.<\/p>\t\t\t\t\t\t\t\t<\/div>\n\t\t\t\t<\/div>\n\t\t\t\t\t<\/div>\n\t\t\t\t<\/div>\n\t\t\t\t<\/div>\n\t\t\t\t\t<\/details>\n\t\t\t\t\t\t<details id=\"e-n-accordion-item-2442\" class=\"e-n-accordion-item\" >\n\t\t\t\t<summary class=\"e-n-accordion-item-title\" data-accordion-index=\"3\" tabindex=\"-1\" aria-expanded=\"false\" aria-controls=\"e-n-accordion-item-2442\" >\n\t\t\t\t\t<span class='e-n-accordion-item-title-header'><div class=\"e-n-accordion-item-title-text\"> Allerg\u00e8nes <\/div><\/span>\n\t\t\t\t\t\t\t<span class='e-n-accordion-item-title-icon'>\n\t\t\t<span class='e-opened' ><svg aria-hidden=\"true\" class=\"e-font-icon-svg e-fas-minus\" viewBox=\"0 0 448 512\" xmlns=\"http:\/\/www.w3.org\/2000\/svg\"><path d=\"M416 208H32c-17.67 0-32 14.33-32 32v32c0 17.67 14.33 32 32 32h384c17.67 0 32-14.33 32-32v-32c0-17.67-14.33-32-32-32z\"><\/path><\/svg><\/span>\n\t\t\t<span class='e-closed'><svg aria-hidden=\"true\" class=\"e-font-icon-svg e-fas-plus\" viewBox=\"0 0 448 512\" xmlns=\"http:\/\/www.w3.org\/2000\/svg\"><path d=\"M416 208H272V64c0-17.67-14.33-32-32-32h-32c-17.67 0-32 14.33-32 32v144H32c-17.67 0-32 14.33-32 32v32c0 17.67 14.33 32 32 32h144v144c0 17.67 14.33 32 32 32h32c17.67 0 32-14.33 32-32V304h144c17.67 0 32-14.33 32-32v-32c0-17.67-14.33-32-32-32z\"><\/path><\/svg><\/span>\n\t\t<\/span>\n\n\t\t\t\t\t\t<\/summary>\n\t\t\t\t<div role=\"region\" aria-labelledby=\"e-n-accordion-item-2442\" class=\"elementor-element elementor-element-153c8bd e-con-full e-flex parallax_section_no qode_elementor_container_no e-con e-child\" data-id=\"153c8bd\" data-element_type=\"container\">\n\t\t<div role=\"region\" aria-labelledby=\"e-n-accordion-item-2442\" class=\"elementor-element elementor-element-21db193 e-flex e-con-boxed parallax_section_no qode_elementor_container_no e-con e-child\" data-id=\"21db193\" data-element_type=\"container\">\n\t\t\t\t\t<div class=\"e-con-inner\">\n\t\t\t\t<div class=\"elementor-element elementor-element-096699d elementor-widget elementor-widget-text-editor\" data-id=\"096699d\" data-element_type=\"widget\" data-widget_type=\"text-editor.default\">\n\t\t\t\t<div class=\"elementor-widget-container\">\n\t\t\t\t\t\t\t\t\t<p>Fabriqu\u00e9 dans une usine qui traite le lait et les fruits \u00e0 coque.<\/p>\t\t\t\t\t\t\t\t<\/div>\n\t\t\t\t<\/div>\n\t\t\t\t\t<\/div>\n\t\t\t\t<\/div>\n\t\t\t\t<\/div>\n\t\t\t\t\t<\/details>\n\t\t\t\t\t<\/div>\n\t\t\t\t\t\t<\/div>\n\t\t\t\t<\/div>\n\t\t\t\t\t<\/div>\n\t\t<\/div>\n\t\t\t\t\t<\/div>\n\t\t<\/section>\n\t\t\t\t<section class=\"elementor-section elementor-top-section elementor-element elementor-element-39fd093 qode_elementor_container_inner elementor-section-content-middle elementor-section-boxed elementor-section-height-default elementor-section-height-default parallax_section_no\" data-id=\"39fd093\" data-element_type=\"section\">\n\t\t\t\t\t\t<div class=\"elementor-container elementor-column-gap-default\">\n\t\t\t\t\t<div class=\"elementor-column elementor-col-50 elementor-top-column elementor-element elementor-element-4ab54f8\" data-id=\"4ab54f8\" data-element_type=\"column\">\n\t\t\t<div class=\"elementor-widget-wrap elementor-element-populated\">\n\t\t\t\t\t\t<div class=\"elementor-element elementor-element-adb015b elementor-widget elementor-widget-text-editor\" data-id=\"adb015b\" data-element_type=\"widget\" data-widget_type=\"text-editor.default\">\n\t\t\t\t<div class=\"elementor-widget-container\">\n\t\t\t\t\t\t\t\t\t<h2 class=\"eltdf-st-title\">Savourez avec Gigi<\/h2>\t\t\t\t\t\t\t\t<\/div>\n\t\t\t\t<\/div>\n\t\t\t\t<div class=\"elementor-element elementor-element-d945627 elementor-widget elementor-widget-text-editor\" data-id=\"d945627\" data-element_type=\"widget\" data-widget_type=\"text-editor.default\">\n\t\t\t\t<div class=\"elementor-widget-container\">\n\t\t\t\t\t\t\t\t\t<p>Chez Gigi, tout tourne autour du plaisir pur \u2013 avec des saveurs surprenantes de fruits et de l\u00e9gumes. Nos glaces v\u00e9g\u00e9tales sont une f\u00eate pour petits et grands, \u00e0 tout moment de la journ\u00e9e. Go\u00fbtez, laissez-vous surprendre et faites briller vos papilles!<\/p>\t\t\t\t\t\t\t\t<\/div>\n\t\t\t\t<\/div>\n\t\t\t\t<div class=\"elementor-element elementor-element-350ca6a elementor-widget__width-auto elementor-widget elementor-widget-bridge_button\" data-id=\"350ca6a\" data-element_type=\"widget\" data-widget_type=\"bridge_button.default\">\n\t\t\t\t<div class=\"elementor-widget-container\">\n\t\t\t\t\t<a  itemprop=\"url\" href=\"\/where-to-buy\/\" target=\"_self\"  class=\"qbutton  large default\" style=\"color: #FFFFFF; background-color:#4C1952;\">O\u00f9 acheter<\/a>\t\t\t\t<\/div>\n\t\t\t\t<\/div>\n\t\t\t\t\t<\/div>\n\t\t<\/div>\n\t\t\t\t<div class=\"elementor-column elementor-col-50 elementor-top-column elementor-element elementor-element-8816e3f\" data-id=\"8816e3f\" data-element_type=\"column\">\n\t\t\t<div class=\"elementor-widget-wrap elementor-element-populated\">\n\t\t\t\t\t\t<div class=\"elementor-element elementor-element-f2c8134 elementor-widget elementor-widget-image\" data-id=\"f2c8134\" data-element_type=\"widget\" data-widget_type=\"image.default\">\n\t\t\t\t<div class=\"elementor-widget-container\">\n\t\t\t\t\t\t\t\t\t\t\t\t\t\t\t<img decoding=\"async\" width=\"1080\" height=\"1080\" src=\"https:\/\/gigi-gelato.com\/wp-content\/uploads\/2024\/05\/gigi-gelato-happy-people.jpg\" class=\"attachment-full size-full wp-image-535\" alt=\"gigi-gelato-happy-people\" srcset=\"https:\/\/gigi-gelato.com\/wp-content\/uploads\/2024\/05\/gigi-gelato-happy-people.jpg 1080w, https:\/\/gigi-gelato.com\/wp-content\/uploads\/2024\/05\/gigi-gelato-happy-people-300x300.jpg 300w, https:\/\/gigi-gelato.com\/wp-content\/uploads\/2024\/05\/gigi-gelato-happy-people-1024x1024.jpg 1024w, https:\/\/gigi-gelato.com\/wp-content\/uploads\/2024\/05\/gigi-gelato-happy-people-150x150.jpg 150w, https:\/\/gigi-gelato.com\/wp-content\/uploads\/2024\/05\/gigi-gelato-happy-people-768x768.jpg 768w, https:\/\/gigi-gelato.com\/wp-content\/uploads\/2024\/05\/gigi-gelato-happy-people-570x570.jpg 570w, https:\/\/gigi-gelato.com\/wp-content\/uploads\/2024\/05\/gigi-gelato-happy-people-500x500.jpg 500w, https:\/\/gigi-gelato.com\/wp-content\/uploads\/2024\/05\/gigi-gelato-happy-people-1000x1000.jpg 1000w, https:\/\/gigi-gelato.com\/wp-content\/uploads\/2024\/05\/gigi-gelato-happy-people-700x700.jpg 700w, https:\/\/gigi-gelato.com\/wp-content\/uploads\/2024\/05\/gigi-gelato-happy-people-650x650.jpg 650w\" sizes=\"(max-width: 1080px) 100vw, 1080px\" \/>\t\t\t\t\t\t\t\t\t\t\t\t\t\t\t<\/div>\n\t\t\t\t<\/div>\n\t\t\t\t\t<\/div>\n\t\t<\/div>\n\t\t\t\t\t<\/div>\n\t\t<\/section>\n\t\t\t\t<\/div>\n\t\t","protected":false},"excerpt":{"rendered":"<p>Avocat + Concombre + Aneth D\u00e9couvrez notre d\u00e9licieux en-cas congel\u00e9 purement v\u00e9g\u00e9tal sur un b\u00e2tonnet. D\u00e9 Il regorge de saveurs de avocat, concombre et aneth. Appr\u00e9ciez le go\u00fbt des fruits et l\u00e9gumes purs et les avantages suivants: 100% v\u00e9g\u00e9talien Cr\u00e9meux sans cr\u00e8me Faible teneur en&#8230;<\/p>\n","protected":false},"author":1,"featured_media":0,"parent":1232,"menu_order":0,"comment_status":"closed","ping_status":"closed","template":"full_width.php","meta":{"footnotes":""},"class_list":["post-2307","page","type-page","status-publish","hentry"],"_links":{"self":[{"href":"https:\/\/gigi-gelato.com\/fr\/wp-json\/wp\/v2\/pages\/2307","targetHints":{"allow":["GET"]}}],"collection":[{"href":"https:\/\/gigi-gelato.com\/fr\/wp-json\/wp\/v2\/pages"}],"about":[{"href":"https:\/\/gigi-gelato.com\/fr\/wp-json\/wp\/v2\/types\/page"}],"author":[{"embeddable":true,"href":"https:\/\/gigi-gelato.com\/fr\/wp-json\/wp\/v2\/users\/1"}],"replies":[{"embeddable":true,"href":"https:\/\/gigi-gelato.com\/fr\/wp-json\/wp\/v2\/comments?post=2307"}],"version-history":[{"count":16,"href":"https:\/\/gigi-gelato.com\/fr\/wp-json\/wp\/v2\/pages\/2307\/revisions"}],"predecessor-version":[{"id":2910,"href":"https:\/\/gigi-gelato.com\/fr\/wp-json\/wp\/v2\/pages\/2307\/revisions\/2910"}],"up":[{"embeddable":true,"href":"https:\/\/gigi-gelato.com\/fr\/wp-json\/wp\/v2\/pages\/1232"}],"wp:attachment":[{"href":"https:\/\/gigi-gelato.com\/fr\/wp-json\/wp\/v2\/media?parent=2307"}],"curies":[{"name":"wp","href":"https:\/\/api.w.org\/{rel}","templated":true}]}}